{"id":440,"date":"2021-07-07T10:20:24","date_gmt":"2021-07-07T08:20:24","guid":{"rendered":"https:\/\/hdkkt.hr\/?page_id=440"},"modified":"2021-08-13T16:33:47","modified_gmt":"2021-08-13T14:33:47","slug":"home","status":"publish","type":"page","link":"https:\/\/hdkkt.hr\/en\/","title":{"rendered":"Home"},"content":{"rendered":"<p>HDKKT (Croatian Association of Theatre Critics and Theatre Scholars) is a professional Association established in 1976. HDKKT is a member of International Association of Theatre Critics.<br \/>\nFrom 1979 to 1992 Theatrology Library published thirty-three books and from 1992 to 1997 Actor&#8217;s Booklet Prolog published eleven books in cooperation with AGM.<br \/>\nSince 2012 The Demeter&#8217;s Award for Lifetime Achievement is awarded. First award was given to Branko He\u0107imovi\u0107 2012, second Igor Mrdulja\u0161 in 2013, third Boris Senker in 2014, fourth Boris B. Hrovat in 2015, fifth Valtko Perkovi\u0107 in 2016, sixth Antonija Bogner \u0160aban in 2017, seventh Ljubomir Stanojevi\u0107 in 2018, eight\u00a0Giga Gra\u010dan 2020. and ninth Zvonimir Mrkonji\u0107 2021.<\/p>\n","protected":false},"excerpt":{"rendered":"<p>HDKKT (Croatian Association of Theatre Critics and Theatre Scholars) is a professional Association established in 1976. HDKKT is a member &#8230;<\/p>\n","protected":false},"author":1,"featured_media":441,"parent":0,"menu_order":0,"comment_status":"closed","ping_status":"closed","template":"template-frontpage.php","meta":{"_acf_changed":false,"inline_featured_image":false,"footnotes":""},"class_list":["post-440","page","type-page","status-publish","has-post-thumbnail","hentry"],"acf":[],"yoast_head":"<!-- This site is optimized with the Yoast SEO plugin v26.1.1 - https:\/\/yoast.com\/wordpress\/plugins\/seo\/ -->\n<title>Home - HDKKT<\/title>\n<meta name=\"robots\" content=\"index, follow, max-snippet:-1, max-image-preview:large, max-video-preview:-1\" \/>\n<link rel=\"canonical\" href=\"https:\/\/hdkkt.hr\/en\/\" \/>\n<meta property=\"og:locale\" content=\"en_US\" \/>\n<meta property=\"og:type\" content=\"article\" \/>\n<meta property=\"og:title\" content=\"Home - HDKKT\" \/>\n<meta property=\"og:description\" content=\"HDKKT (Croatian Association of Theatre Critics and Theatre Scholars) is a professional Association established in 1976. HDKKT is a member ...\" \/>\n<meta property=\"og:url\" content=\"https:\/\/hdkkt.hr\/en\/\" \/>\n<meta property=\"og:site_name\" content=\"HDKKT\" \/>\n<meta property=\"article:modified_time\" content=\"2021-08-13T14:33:47+00:00\" \/>\n<meta property=\"og:image\" content=\"https:\/\/hdkkt.hr\/wp-content\/uploads\/2021\/07\/o_10740345_1280.jpg\" \/>\n\t<meta property=\"og:image:width\" content=\"1280\" \/>\n\t<meta property=\"og:image:height\" content=\"853\" \/>\n\t<meta property=\"og:image:type\" content=\"image\/jpeg\" \/>\n<meta name=\"twitter:card\" content=\"summary_large_image\" \/>\n<meta name=\"twitter:label1\" content=\"Est. reading time\" \/>\n\t<meta name=\"twitter:data1\" content=\"1 minute\" \/>\n<script type=\"application\/ld+json\" class=\"yoast-schema-graph\">{\"@context\":\"https:\/\/schema.org\",\"@graph\":[{\"@type\":\"WebPage\",\"@id\":\"https:\/\/hdkkt.hr\/en\/\",\"url\":\"https:\/\/hdkkt.hr\/en\/\",\"name\":\"Home - HDKKT\",\"isPartOf\":{\"@id\":\"https:\/\/hdkkt.hr\/en\/#website\"},\"primaryImageOfPage\":{\"@id\":\"https:\/\/hdkkt.hr\/en\/#primaryimage\"},\"image\":{\"@id\":\"https:\/\/hdkkt.hr\/en\/#primaryimage\"},\"thumbnailUrl\":\"https:\/\/hdkkt.hr\/wp-content\/uploads\/2021\/07\/o_10740345_1280.jpg\",\"datePublished\":\"2021-07-07T08:20:24+00:00\",\"dateModified\":\"2021-08-13T14:33:47+00:00\",\"breadcrumb\":{\"@id\":\"https:\/\/hdkkt.hr\/en\/#breadcrumb\"},\"inLanguage\":\"en-US\",\"potentialAction\":[{\"@type\":\"ReadAction\",\"target\":[\"https:\/\/hdkkt.hr\/en\/\"]}]},{\"@type\":\"ImageObject\",\"inLanguage\":\"en-US\",\"@id\":\"https:\/\/hdkkt.hr\/en\/#primaryimage\",\"url\":\"https:\/\/hdkkt.hr\/wp-content\/uploads\/2021\/07\/o_10740345_1280.jpg\",\"contentUrl\":\"https:\/\/hdkkt.hr\/wp-content\/uploads\/2021\/07\/o_10740345_1280.jpg\",\"width\":1280,\"height\":853},{\"@type\":\"BreadcrumbList\",\"@id\":\"https:\/\/hdkkt.hr\/en\/#breadcrumb\",\"itemListElement\":[{\"@type\":\"ListItem\",\"position\":1,\"name\":\"Home\",\"item\":\"https:\/\/hdkkt.hr\/en\/\"},{\"@type\":\"ListItem\",\"position\":2,\"name\":\"Home\"}]},{\"@type\":\"WebSite\",\"@id\":\"https:\/\/hdkkt.hr\/en\/#website\",\"url\":\"https:\/\/hdkkt.hr\/en\/\",\"name\":\"HDKKT\",\"description\":\"Hrvatsko dru&scaron;tvo kazali&scaron;nih kriti\u010dara i teatrologa\",\"publisher\":{\"@id\":\"https:\/\/hdkkt.hr\/en\/#organization\"},\"potentialAction\":[{\"@type\":\"SearchAction\",\"target\":{\"@type\":\"EntryPoint\",\"urlTemplate\":\"https:\/\/hdkkt.hr\/en\/?s={search_term_string}\"},\"query-input\":{\"@type\":\"PropertyValueSpecification\",\"valueRequired\":true,\"valueName\":\"search_term_string\"}}],\"inLanguage\":\"en-US\"},{\"@type\":\"Organization\",\"@id\":\"https:\/\/hdkkt.hr\/en\/#organization\",\"name\":\"HDKKT\",\"url\":\"https:\/\/hdkkt.hr\/en\/\",\"logo\":{\"@type\":\"ImageObject\",\"inLanguage\":\"en-US\",\"@id\":\"https:\/\/hdkkt.hr\/en\/#\/schema\/logo\/image\/\",\"url\":\"https:\/\/hdkkt.hr\/wp-content\/uploads\/2021\/07\/logo.svg\",\"contentUrl\":\"https:\/\/hdkkt.hr\/wp-content\/uploads\/2021\/07\/logo.svg\",\"width\":374,\"height\":466,\"caption\":\"HDKKT\"},\"image\":{\"@id\":\"https:\/\/hdkkt.hr\/en\/#\/schema\/logo\/image\/\"}}]}<\/script>\n<!-- \/ Yoast SEO plugin. -->","yoast_head_json":{"title":"Home - HDKKT","robots":{"index":"index","follow":"follow","max-snippet":"max-snippet:-1","max-image-preview":"max-image-preview:large","max-video-preview":"max-video-preview:-1"},"canonical":"https:\/\/hdkkt.hr\/en\/","og_locale":"en_US","og_type":"article","og_title":"Home - HDKKT","og_description":"HDKKT (Croatian Association of Theatre Critics and Theatre Scholars) is a professional Association established in 1976. HDKKT is a member ...","og_url":"https:\/\/hdkkt.hr\/en\/","og_site_name":"HDKKT","article_modified_time":"2021-08-13T14:33:47+00:00","og_image":[{"width":1280,"height":853,"url":"https:\/\/hdkkt.hr\/wp-content\/uploads\/2021\/07\/o_10740345_1280.jpg","type":"image\/jpeg"}],"twitter_card":"summary_large_image","twitter_misc":{"Est. reading time":"1 minute"},"schema":{"@context":"https:\/\/schema.org","@graph":[{"@type":"WebPage","@id":"https:\/\/hdkkt.hr\/en\/","url":"https:\/\/hdkkt.hr\/en\/","name":"Home - HDKKT","isPartOf":{"@id":"https:\/\/hdkkt.hr\/en\/#website"},"primaryImageOfPage":{"@id":"https:\/\/hdkkt.hr\/en\/#primaryimage"},"image":{"@id":"https:\/\/hdkkt.hr\/en\/#primaryimage"},"thumbnailUrl":"https:\/\/hdkkt.hr\/wp-content\/uploads\/2021\/07\/o_10740345_1280.jpg","datePublished":"2021-07-07T08:20:24+00:00","dateModified":"2021-08-13T14:33:47+00:00","breadcrumb":{"@id":"https:\/\/hdkkt.hr\/en\/#breadcrumb"},"inLanguage":"en-US","potentialAction":[{"@type":"ReadAction","target":["https:\/\/hdkkt.hr\/en\/"]}]},{"@type":"ImageObject","inLanguage":"en-US","@id":"https:\/\/hdkkt.hr\/en\/#primaryimage","url":"https:\/\/hdkkt.hr\/wp-content\/uploads\/2021\/07\/o_10740345_1280.jpg","contentUrl":"https:\/\/hdkkt.hr\/wp-content\/uploads\/2021\/07\/o_10740345_1280.jpg","width":1280,"height":853},{"@type":"BreadcrumbList","@id":"https:\/\/hdkkt.hr\/en\/#breadcrumb","itemListElement":[{"@type":"ListItem","position":1,"name":"Home","item":"https:\/\/hdkkt.hr\/en\/"},{"@type":"ListItem","position":2,"name":"Home"}]},{"@type":"WebSite","@id":"https:\/\/hdkkt.hr\/en\/#website","url":"https:\/\/hdkkt.hr\/en\/","name":"HDKKT","description":"Hrvatsko dru&scaron;tvo kazali&scaron;nih kriti\u010dara i teatrologa","publisher":{"@id":"https:\/\/hdkkt.hr\/en\/#organization"},"potentialAction":[{"@type":"SearchAction","target":{"@type":"EntryPoint","urlTemplate":"https:\/\/hdkkt.hr\/en\/?s={search_term_string}"},"query-input":{"@type":"PropertyValueSpecification","valueRequired":true,"valueName":"search_term_string"}}],"inLanguage":"en-US"},{"@type":"Organization","@id":"https:\/\/hdkkt.hr\/en\/#organization","name":"HDKKT","url":"https:\/\/hdkkt.hr\/en\/","logo":{"@type":"ImageObject","inLanguage":"en-US","@id":"https:\/\/hdkkt.hr\/en\/#\/schema\/logo\/image\/","url":"https:\/\/hdkkt.hr\/wp-content\/uploads\/2021\/07\/logo.svg","contentUrl":"https:\/\/hdkkt.hr\/wp-content\/uploads\/2021\/07\/logo.svg","width":374,"height":466,"caption":"HDKKT"},"image":{"@id":"https:\/\/hdkkt.hr\/en\/#\/schema\/logo\/image\/"}}]}},"_links":{"self":[{"href":"https:\/\/hdkkt.hr\/en\/wp-json\/wp\/v2\/pages\/440","targetHints":{"allow":["GET"]}}],"collection":[{"href":"https:\/\/hdkkt.hr\/en\/wp-json\/wp\/v2\/pages"}],"about":[{"href":"https:\/\/hdkkt.hr\/en\/wp-json\/wp\/v2\/types\/page"}],"author":[{"embeddable":true,"href":"https:\/\/hdkkt.hr\/en\/wp-json\/wp\/v2\/users\/1"}],"replies":[{"embeddable":true,"href":"https:\/\/hdkkt.hr\/en\/wp-json\/wp\/v2\/comments?post=440"}],"version-history":[{"count":2,"href":"https:\/\/hdkkt.hr\/en\/wp-json\/wp\/v2\/pages\/440\/revisions"}],"predecessor-version":[{"id":588,"href":"https:\/\/hdkkt.hr\/en\/wp-json\/wp\/v2\/pages\/440\/revisions\/588"}],"wp:featuredmedia":[{"embeddable":true,"href":"https:\/\/hdkkt.hr\/en\/wp-json\/wp\/v2\/media\/441"}],"wp:attachment":[{"href":"https:\/\/hdkkt.hr\/en\/wp-json\/wp\/v2\/media?parent=440"}],"curies":[{"name":"wp","href":"https:\/\/api.w.org\/{rel}","templated":true}]}}