{"id":548,"date":"2021-07-09T17:07:10","date_gmt":"2021-07-09T15:07:10","guid":{"rendered":"https:\/\/hdkkt.hr\/?page_id=548"},"modified":"2021-08-14T09:11:47","modified_gmt":"2021-08-14T07:11:47","slug":"about-hdkkt","status":"publish","type":"page","link":"https:\/\/hdkkt.hr\/en\/history\/about-hdkkt\/","title":{"rendered":"History"},"content":{"rendered":"<p>HDKKT (Croatian Association of Theatre Critics and Theatre Scholars) is a professional Association established on 22nd October 1975 at the founding assembly in Zagreb and \u00a0\u00a0and registered into Civil Association Register on 9th March 1976.<br \/>\nHDKKT is a member of International Association of Theatre Critics (AICT\/IACT) and collaborates with The International Federation for Theatre Research (FITR\/IFTR).<br \/>\nIt was founded with goal to develop and promote quality of the profession, cooperation with other similar associations and theatres in\u00a0Croatia\u00a0and abroad and to protect\u00a0moral\u00a0and material interests of its members.<\/p>\n<p><strong>Activities<\/strong><\/p>\n<p>From 1979 to 1992 Theatrology Library published thirty-three books and from 1992 to 1997 Actor&#8217;s Booklet Prolog published eleven books in cooperation with AGM.<\/p>\n<p>Since 2012 HDKKT awards\u00a0Demeter&#8217;s Award\u00a0for Lifetime Achievement. First one was awarded to one of the founders of HDKKT, president, historian and theatrologist\u00a0Branko He\u0107imovi\u0107\u00a02012, second to secretary general, president, critic and theatrologist\u00a0Igor Mrdulja\u0161\u00a02013, third to a critic, theatrologist and professor Boris Senker 2014, forth to a thetare critic Boris B. Hrovat 2015, fifth to a theatre critic, theatrologist, director and playwright Vlatko Perkovi\u0107 2016, sixth to a theater critic, theatrologist and professor Antonija Bogner \u0160aban 2017., seventh to theatre publicist Ljubomir Stanojevi\u0107 2018, eight to translator, critic and journalist\u00a0Giga Gra\u010dan 2020. and ninth to critic, translator, dramaturg Zvonimir Mrkonji\u0107 2021.<\/p>\n<p>Association first resided in Ilica Street 42 and later in Amru\u0161eva Street 19, Zagreb. It has about 50 active members, 15 retired members and since 2013 dance critics are also admitted.<\/p>\n<p><strong>Presidents and Secretary Generals<\/strong><\/p>\n<p><strong>2019.<\/strong> Mira Muhoberac<br \/>\n<strong>2019.<\/strong> Secretary General Gordana Ostovi\u0107<\/p>\n<p><strong>2010.-2019.<\/strong> Sanja Nik\u010devi\u0107<br \/>\n<strong>2014.-2019.<\/strong> Secretary General Alen Biskupovi\u0107<\/p>\n<p><strong>2013.- 2014.<\/strong> Secretary General Lidija Zozoli<\/p>\n<p><strong>2010.- 2013.<\/strong> Secretary General Ljubica An\u0111elkovi\u0107<\/p>\n<p><strong>2005.-2010.<\/strong> Igor Mrdulja\u0161<br \/>\nSecretary General Sanja Nik\u010devi\u0107<\/p>\n<p><strong>2001.-2005.<\/strong> Boris B. Hrovat<br \/>\nSecretary General Sanja Nik\u010devi\u0107<\/p>\n<p><strong>1993.-2001.<\/strong> Antonija Bogner \u0160aban<br \/>\nSecretary General Ana Lederer<\/p>\n<p><strong>1991.-1993.<\/strong> Mani Gotovac<br \/>\nSecretary General Branko Vuk\u0161i\u0107<\/p>\n<p><strong>1988.-1991.<\/strong> Nedjeljko Fabrio<br \/>\nSecretary General Igor Mrdulja\u0161<\/p>\n<p><strong>1984.-1988.<\/strong> Boris Senker<br \/>\nSecretary General Igor Mrdulja\u0161<\/p>\n<p><strong>1982.-1984.<\/strong> Marija Grgi\u010devi\u0107<br \/>\nSecretary General Igor Mrdulja\u0161<\/p>\n<p><strong>1980.-1982<\/strong>. Branko He\u0107imovi\u0107<br \/>\nSecretary General Igor Mrdulja\u0161<\/p>\n<p><strong>1978.-1980.<\/strong> Petar Selem<br \/>\nSecretary General Igor Mrdulja\u0161<\/p>\n<p><strong>1976.-1978.<\/strong> Petar Selem<br \/>\nSecretary General Giga Gra\u010dan<\/p>\n<p>&nbsp;<\/p>\n<h3>Info:<\/h3>\n<p><strong>CROATIAN ASSOCIATION OF THEATRE CRITICS AND THEATRE SCHOLARS<\/strong><\/p>\n<p><strong>Founding year:<\/strong>\u00a01976<\/p>\n<p><strong>Address<\/strong>: Amru\u0161 Street 19\/III., Zagreb<\/p>\n<p><strong>Identification number:<\/strong>\u00a0(OIB) 20424332600<\/p>\n<p><strong>Identification number 2<\/strong>\u00a0(MB) 3272648<\/p>\n<p><strong>Activity code 9412<\/strong>\u00a0(Croatian Bureau of Statistics, Branimir Street 19, class designation 10 subclass)<\/p>\n<p><strong>RU \u2013 0001443\u00a0<\/strong>(Associations Public Register of Republic Croatia, City Office for General Management, Zagreb)<\/p>\n<p><strong>RNO 0231693<\/strong>\u00a0(The Register of Non-Profit Organizations, Ministry of Finance)<\/p>\n<p><strong>Giro account<\/strong>\u00a0\u2013 Zagreba\u010dka Bank &#8211; HR &#8211; 84 &#8211; 2360000 \u2013 1101846302<\/p>\n","protected":false},"excerpt":{"rendered":"<p>HDKKT (Croatian Association of Theatre Critics and Theatre Scholars) is a professional Association established on 22nd October 1975 at the &#8230;<\/p>\n","protected":false},"author":1,"featured_media":0,"parent":552,"menu_order":2,"comment_status":"closed","ping_status":"closed","template":"","meta":{"_acf_changed":false,"inline_featured_image":false,"footnotes":""},"class_list":["post-548","page","type-page","status-publish","hentry"],"acf":[],"yoast_head":"<!-- This site is optimized with the Yoast SEO plugin v26.1.1 - https:\/\/yoast.com\/wordpress\/plugins\/seo\/ -->\n<title>History - HDKKT<\/title>\n<meta name=\"robots\" content=\"index, follow, max-snippet:-1, max-image-preview:large, max-video-preview:-1\" \/>\n<link rel=\"canonical\" href=\"https:\/\/hdkkt.hr\/en\/history\/about-hdkkt\/\" \/>\n<meta property=\"og:locale\" content=\"en_US\" \/>\n<meta property=\"og:type\" content=\"article\" \/>\n<meta property=\"og:title\" content=\"History - HDKKT\" \/>\n<meta property=\"og:description\" content=\"HDKKT (Croatian Association of Theatre Critics and Theatre Scholars) is a professional Association established on 22nd October 1975 at the ...\" \/>\n<meta property=\"og:url\" content=\"https:\/\/hdkkt.hr\/en\/history\/about-hdkkt\/\" \/>\n<meta property=\"og:site_name\" content=\"HDKKT\" \/>\n<meta property=\"article:modified_time\" content=\"2021-08-14T07:11:47+00:00\" \/>\n<meta name=\"twitter:card\" content=\"summary_large_image\" \/>\n<meta name=\"twitter:label1\" content=\"Est. reading time\" \/>\n\t<meta name=\"twitter:data1\" content=\"2 minutes\" \/>\n<script type=\"application\/ld+json\" class=\"yoast-schema-graph\">{\"@context\":\"https:\/\/schema.org\",\"@graph\":[{\"@type\":\"WebPage\",\"@id\":\"https:\/\/hdkkt.hr\/en\/history\/about-hdkkt\/\",\"url\":\"https:\/\/hdkkt.hr\/en\/history\/about-hdkkt\/\",\"name\":\"History - HDKKT\",\"isPartOf\":{\"@id\":\"https:\/\/hdkkt.hr\/en\/#website\"},\"datePublished\":\"2021-07-09T15:07:10+00:00\",\"dateModified\":\"2021-08-14T07:11:47+00:00\",\"breadcrumb\":{\"@id\":\"https:\/\/hdkkt.hr\/en\/history\/about-hdkkt\/#breadcrumb\"},\"inLanguage\":\"en-US\",\"potentialAction\":[{\"@type\":\"ReadAction\",\"target\":[\"https:\/\/hdkkt.hr\/en\/history\/about-hdkkt\/\"]}]},{\"@type\":\"BreadcrumbList\",\"@id\":\"https:\/\/hdkkt.hr\/en\/history\/about-hdkkt\/#breadcrumb\",\"itemListElement\":[{\"@type\":\"ListItem\",\"position\":1,\"name\":\"Home\",\"item\":\"https:\/\/hdkkt.hr\/en\/\"},{\"@type\":\"ListItem\",\"position\":2,\"name\":\"History\",\"item\":\"https:\/\/hdkkt.hr\/en\/history\/\"},{\"@type\":\"ListItem\",\"position\":3,\"name\":\"History\"}]},{\"@type\":\"WebSite\",\"@id\":\"https:\/\/hdkkt.hr\/en\/#website\",\"url\":\"https:\/\/hdkkt.hr\/en\/\",\"name\":\"HDKKT\",\"description\":\"Hrvatsko dru&scaron;tvo kazali&scaron;nih kriti\u010dara i teatrologa\",\"publisher\":{\"@id\":\"https:\/\/hdkkt.hr\/en\/#organization\"},\"potentialAction\":[{\"@type\":\"SearchAction\",\"target\":{\"@type\":\"EntryPoint\",\"urlTemplate\":\"https:\/\/hdkkt.hr\/en\/?s={search_term_string}\"},\"query-input\":{\"@type\":\"PropertyValueSpecification\",\"valueRequired\":true,\"valueName\":\"search_term_string\"}}],\"inLanguage\":\"en-US\"},{\"@type\":\"Organization\",\"@id\":\"https:\/\/hdkkt.hr\/en\/#organization\",\"name\":\"HDKKT\",\"url\":\"https:\/\/hdkkt.hr\/en\/\",\"logo\":{\"@type\":\"ImageObject\",\"inLanguage\":\"en-US\",\"@id\":\"https:\/\/hdkkt.hr\/en\/#\/schema\/logo\/image\/\",\"url\":\"https:\/\/hdkkt.hr\/wp-content\/uploads\/2021\/07\/logo.svg\",\"contentUrl\":\"https:\/\/hdkkt.hr\/wp-content\/uploads\/2021\/07\/logo.svg\",\"width\":374,\"height\":466,\"caption\":\"HDKKT\"},\"image\":{\"@id\":\"https:\/\/hdkkt.hr\/en\/#\/schema\/logo\/image\/\"}}]}<\/script>\n<!-- \/ Yoast SEO plugin. -->","yoast_head_json":{"title":"History - HDKKT","robots":{"index":"index","follow":"follow","max-snippet":"max-snippet:-1","max-image-preview":"max-image-preview:large","max-video-preview":"max-video-preview:-1"},"canonical":"https:\/\/hdkkt.hr\/en\/history\/about-hdkkt\/","og_locale":"en_US","og_type":"article","og_title":"History - HDKKT","og_description":"HDKKT (Croatian Association of Theatre Critics and Theatre Scholars) is a professional Association established on 22nd October 1975 at the ...","og_url":"https:\/\/hdkkt.hr\/en\/history\/about-hdkkt\/","og_site_name":"HDKKT","article_modified_time":"2021-08-14T07:11:47+00:00","twitter_card":"summary_large_image","twitter_misc":{"Est. reading time":"2 minutes"},"schema":{"@context":"https:\/\/schema.org","@graph":[{"@type":"WebPage","@id":"https:\/\/hdkkt.hr\/en\/history\/about-hdkkt\/","url":"https:\/\/hdkkt.hr\/en\/history\/about-hdkkt\/","name":"History - HDKKT","isPartOf":{"@id":"https:\/\/hdkkt.hr\/en\/#website"},"datePublished":"2021-07-09T15:07:10+00:00","dateModified":"2021-08-14T07:11:47+00:00","breadcrumb":{"@id":"https:\/\/hdkkt.hr\/en\/history\/about-hdkkt\/#breadcrumb"},"inLanguage":"en-US","potentialAction":[{"@type":"ReadAction","target":["https:\/\/hdkkt.hr\/en\/history\/about-hdkkt\/"]}]},{"@type":"BreadcrumbList","@id":"https:\/\/hdkkt.hr\/en\/history\/about-hdkkt\/#breadcrumb","itemListElement":[{"@type":"ListItem","position":1,"name":"Home","item":"https:\/\/hdkkt.hr\/en\/"},{"@type":"ListItem","position":2,"name":"History","item":"https:\/\/hdkkt.hr\/en\/history\/"},{"@type":"ListItem","position":3,"name":"History"}]},{"@type":"WebSite","@id":"https:\/\/hdkkt.hr\/en\/#website","url":"https:\/\/hdkkt.hr\/en\/","name":"HDKKT","description":"Hrvatsko dru&scaron;tvo kazali&scaron;nih kriti\u010dara i teatrologa","publisher":{"@id":"https:\/\/hdkkt.hr\/en\/#organization"},"potentialAction":[{"@type":"SearchAction","target":{"@type":"EntryPoint","urlTemplate":"https:\/\/hdkkt.hr\/en\/?s={search_term_string}"},"query-input":{"@type":"PropertyValueSpecification","valueRequired":true,"valueName":"search_term_string"}}],"inLanguage":"en-US"},{"@type":"Organization","@id":"https:\/\/hdkkt.hr\/en\/#organization","name":"HDKKT","url":"https:\/\/hdkkt.hr\/en\/","logo":{"@type":"ImageObject","inLanguage":"en-US","@id":"https:\/\/hdkkt.hr\/en\/#\/schema\/logo\/image\/","url":"https:\/\/hdkkt.hr\/wp-content\/uploads\/2021\/07\/logo.svg","contentUrl":"https:\/\/hdkkt.hr\/wp-content\/uploads\/2021\/07\/logo.svg","width":374,"height":466,"caption":"HDKKT"},"image":{"@id":"https:\/\/hdkkt.hr\/en\/#\/schema\/logo\/image\/"}}]}},"_links":{"self":[{"href":"https:\/\/hdkkt.hr\/en\/wp-json\/wp\/v2\/pages\/548","targetHints":{"allow":["GET"]}}],"collection":[{"href":"https:\/\/hdkkt.hr\/en\/wp-json\/wp\/v2\/pages"}],"about":[{"href":"https:\/\/hdkkt.hr\/en\/wp-json\/wp\/v2\/types\/page"}],"author":[{"embeddable":true,"href":"https:\/\/hdkkt.hr\/en\/wp-json\/wp\/v2\/users\/1"}],"replies":[{"embeddable":true,"href":"https:\/\/hdkkt.hr\/en\/wp-json\/wp\/v2\/comments?post=548"}],"version-history":[{"count":5,"href":"https:\/\/hdkkt.hr\/en\/wp-json\/wp\/v2\/pages\/548\/revisions"}],"predecessor-version":[{"id":607,"href":"https:\/\/hdkkt.hr\/en\/wp-json\/wp\/v2\/pages\/548\/revisions\/607"}],"up":[{"embeddable":true,"href":"https:\/\/hdkkt.hr\/en\/wp-json\/wp\/v2\/pages\/552"}],"wp:attachment":[{"href":"https:\/\/hdkkt.hr\/en\/wp-json\/wp\/v2\/media?parent=548"}],"curies":[{"name":"wp","href":"https:\/\/api.w.org\/{rel}","templated":true}]}}