{"id":555,"date":"2021-07-09T17:10:01","date_gmt":"2021-07-09T15:10:01","guid":{"rendered":"https:\/\/hdkkt.hr\/?page_id=555"},"modified":"2021-08-07T09:48:43","modified_gmt":"2021-08-07T07:48:43","slug":"managing-authorities","status":"publish","type":"page","link":"https:\/\/hdkkt.hr\/en\/history\/managing-authorities\/","title":{"rendered":"Managing authorities"},"content":{"rendered":"<h3>2019. &#8211; 2021.<\/h3>\n<p><strong>13.6.2019. Elective Assembly<\/strong><\/p>\n<p><strong>Executive comitee:<\/strong><\/p>\n<p>Mira Muhoberac, president<br \/>\nGordana Ostovi\u0107, secretary general<br \/>\nKim Cuculi\u0107<br \/>\nMartina Petranovi\u0107<br \/>\nVi\u0161nja Ka\u010di\u0107 Rogo\u0161i\u0107<a href=\"mailto:vrogosic@ffzg.hr\"><br \/>\n<\/a><\/p>\n<p><strong>Supervisory comitee:<\/strong><\/p>\n<p>Slobodan Prosperov Novak<br \/>\nIgor Tretinjak<br \/>\nAn\u0111ela Vidovi\u0107<\/p>\n<p><strong>Court of honour:<\/strong><\/p>\n<p>Branko Matan<br \/>\nAcija Alfirevi\u0107<br \/>\nOzana Ivekovi\u0107<\/p>\n<h3>2017. &#8211; 2019.<\/h3>\n<p><strong>13.6.2017. Elective Assembly<\/strong><\/p>\n<p><strong>Executive comitee:<\/strong><\/p>\n<p>Sanja Nik\u010devi\u0107, predsjednica<br \/>\nAlen Biskupovi\u0107, tajnik<br \/>\nAntonija Bogner \u0160aban<br \/>\nMira Muhoberac<br \/>\nMartina Petranovi\u0107<\/p>\n<p><strong>Supervisory comitee:<\/strong><\/p>\n<p>Andrija Tunji\u0107<br \/>\nGoran Ivani\u0161evi\u0107<br \/>\nAn\u0111ela Vidovi\u0107<a href=\"mailto:andela.vidovic@arteist.hr\"><br \/>\n<\/a><\/p>\n<p><strong>Court of honour:<\/strong><\/p>\n<p>Boris Senker<br \/>\nOlga Vujovi\u0107<br \/>\nTomislav Kurelec<\/p>\n<h3>2015. &#8211; 2017.<\/h3>\n<p><strong>13.6.2015. Elective Assembly<\/strong><\/p>\n<p><strong>Executive comitee:<\/strong><\/p>\n<p>Sanja Nik\u010devi\u0107<br \/>\nAlen Biskupovi\u0107<br \/>\nAntonija Bogner \u0160aban<br \/>\nMira Muhoberac<br \/>\nDarko Ga\u0161parovi\u0107<\/p>\n<p><strong>Supervisory comitee:<\/strong><\/p>\n<p>Martina Petranovi\u0107<br \/>\nAndrija Tunji\u0107<br \/>\nBoris B. Hrovat<a href=\"mailto:info@borishrovat.com\"><br \/>\n<\/a><\/p>\n<p><strong>Court of honour:<\/strong><\/p>\n<p>Boris Senker<br \/>\nOlga Vujovi\u0107<br \/>\nGordana Ostovi\u0107<\/p>\n<h3>2013. &#8211; 2015.<\/h3>\n<p><strong>13.6.2013. Elective Assembly<\/strong><\/p>\n<p><strong>Executive comitee:<\/strong><\/p>\n<p>Sanja Nik\u010devi\u0107, president<br \/>\nAlen Biskupovi\u0107, secretary general (from 13.6.)<br \/>\nMira Muhoberac<br \/>\nVlatko Perkovi\u0107<br \/>\nBoris B. Hrovat<br \/>\n(Lidija Zozoli, secretary general till 27.06.2012.)<\/p>\n<p><strong>Supervisory comitee:<\/strong><\/p>\n<p>Darko Ga\u0161parovi\u0107<br \/>\nBoris Senker<br \/>\nMartina Petranovi\u0107<\/p>\n<p><strong>Court of honour:<\/strong><\/p>\n<p>Tomislav Kurelec<br \/>\nNedeljko Fabrio<br \/>\nMladen Marti\u0107<\/p>\n<h3>2010. &#8211; 2013.<\/h3>\n<p><strong>23. 12. 2010. Elective Assembly<\/strong><\/p>\n<p><strong>Executive comitee:<\/strong><\/p>\n<p>Sanja Nik\u010devi\u0107, president,<br \/>\nLjubica An\u0111elkovi\u0107, secretary general,<br \/>\nBoris B. Hrovat<br \/>\nIgor Ru\u017ei\u0107<br \/>\nIgor Mrdulja\u0161 (from 27.06.2012.)<br \/>\nVlatko Perkovi\u0107 (from 27.06.2012.)<\/p>\n<p><strong>Supervisory comitee:<\/strong><\/p>\n<p>Lidija Zozoli, Helena Peri\u010di\u0107, Tajana Ga\u0161parovi\u0107<\/p>\n<p><strong>Court of honour:<\/strong><\/p>\n<p>Mira Muhoberac<br \/>\nAntonija Bogner<br \/>\nDubravka Lampalov<\/p>\n<h3>2008. \u2013 2010.<\/h3>\n<p><strong>19.03.2008. Elective Assembly<\/strong><\/p>\n<p><strong>Executive comitee:<\/strong><\/p>\n<p>Igor Mrdulja\u0161, president,<br \/>\nSanja Nik\u010devi\u0107, secretary general,<br \/>\nOlga Vujovi\u0107<br \/>\nLidija Zozoli<br \/>\nNata\u0161a Govedi\u0107<\/p>\n<p><strong>Supervisory comitee:<\/strong><\/p>\n<p>Boris B. Hrovat<br \/>\nBoris Senker<br \/>\nMarija Grgi\u010devi\u0107<\/p>\n<p><strong>Court of honour:<\/strong><\/p>\n<p>Darko Ga\u0161parovi\u0107<br \/>\nTomislav Kurelec,<br \/>\nMaja Hribar O\u017eegovi\u0107<\/p>\n<h3>2005.- 2008.<\/h3>\n<p><strong>14.01 2005. Elective Assembly<\/strong><\/p>\n<p><strong>Executive comitee:<\/strong><\/p>\n<p>Igor Mrdulja\u0161, president,<br \/>\nSanja Nik\u010devi\u0107, secretary general,<br \/>\nBoris Senker<br \/>\nBoris B. Hrovat<br \/>\nAna Lederer (deputy president)<\/p>\n<p><strong>Supervisory comitee:<\/strong><\/p>\n<p>Antonija Bogner \u0160aban<br \/>\nGeorgij Paro<br \/>\nVlatko Perkovi\u0107<\/p>\n<p><strong>Court of honour:<\/strong><\/p>\n<p>Marija Grgi\u010devi\u0107<br \/>\nNikola Batu\u0161i\u0107<br \/>\nLjubomir Stanojevi\u0107<\/p>\n<h3>2001.-2005.<\/h3>\n<p><strong>06. 04. 2001. Elective Assembly<\/strong><\/p>\n<p><strong>Executive comitee:<\/strong><\/p>\n<p>Boris B. Hrovat, president,<br \/>\nSanja Nik\u010devi\u0107, secretary general,<br \/>\nIgor Mrudlja\u0161, Darko Ga\u0161parovi\u0107, Nikola Batu\u0161i\u0107.<\/p>\n<h3>1994. &#8211; 2001.<\/h3>\n<p><strong>10. 02. 1997. Elective Assembly <\/strong>(new was not elected).<br \/>\n<strong>28. 03. 1994. Elective Assembly<\/strong><\/p>\n<p><strong>Executive comitee:<\/strong><\/p>\n<p>Antonija Bogner \u0160aban, president,<br \/>\nAna Lederer, secretary general,<br \/>\nNikola Batu\u0161i\u0107, Boris B. Hrovat, Ljubomir Stanojevi\u0107<\/p>\n","protected":false},"excerpt":{"rendered":"<p>2019. &#8211; 2021. 13.6.2019. Elective Assembly Executive comitee: Mira Muhoberac, president Gordana Ostovi\u0107, secretary general Kim Cuculi\u0107 Martina Petranovi\u0107 Vi\u0161nja &#8230;<\/p>\n","protected":false},"author":1,"featured_media":0,"parent":552,"menu_order":2,"comment_status":"closed","ping_status":"closed","template":"","meta":{"_acf_changed":false,"inline_featured_image":false,"footnotes":""},"class_list":["post-555","page","type-page","status-publish","hentry"],"acf":[],"yoast_head":"<!-- This site is optimized with the Yoast SEO plugin v26.1.1 - https:\/\/yoast.com\/wordpress\/plugins\/seo\/ -->\n<title>Managing authorities - HDKKT<\/title>\n<meta name=\"robots\" content=\"index, follow, max-snippet:-1, max-image-preview:large, max-video-preview:-1\" \/>\n<link rel=\"canonical\" href=\"https:\/\/hdkkt.hr\/en\/history\/managing-authorities\/\" \/>\n<meta property=\"og:locale\" content=\"en_US\" \/>\n<meta property=\"og:type\" content=\"article\" \/>\n<meta property=\"og:title\" content=\"Managing authorities - HDKKT\" \/>\n<meta property=\"og:description\" content=\"2019. &#8211; 2021. 13.6.2019. Elective Assembly Executive comitee: Mira Muhoberac, president Gordana Ostovi\u0107, secretary general Kim Cuculi\u0107 Martina Petranovi\u0107 Vi\u0161nja ...\" \/>\n<meta property=\"og:url\" content=\"https:\/\/hdkkt.hr\/en\/history\/managing-authorities\/\" \/>\n<meta property=\"og:site_name\" content=\"HDKKT\" \/>\n<meta property=\"article:modified_time\" content=\"2021-08-07T07:48:43+00:00\" \/>\n<meta name=\"twitter:card\" content=\"summary_large_image\" \/>\n<meta name=\"twitter:label1\" content=\"Est. reading time\" \/>\n\t<meta name=\"twitter:data1\" content=\"2 minutes\" \/>\n<script type=\"application\/ld+json\" class=\"yoast-schema-graph\">{\"@context\":\"https:\/\/schema.org\",\"@graph\":[{\"@type\":\"WebPage\",\"@id\":\"https:\/\/hdkkt.hr\/en\/history\/managing-authorities\/\",\"url\":\"https:\/\/hdkkt.hr\/en\/history\/managing-authorities\/\",\"name\":\"Managing authorities - HDKKT\",\"isPartOf\":{\"@id\":\"https:\/\/hdkkt.hr\/en\/#website\"},\"datePublished\":\"2021-07-09T15:10:01+00:00\",\"dateModified\":\"2021-08-07T07:48:43+00:00\",\"breadcrumb\":{\"@id\":\"https:\/\/hdkkt.hr\/en\/history\/managing-authorities\/#breadcrumb\"},\"inLanguage\":\"en-US\",\"potentialAction\":[{\"@type\":\"ReadAction\",\"target\":[\"https:\/\/hdkkt.hr\/en\/history\/managing-authorities\/\"]}]},{\"@type\":\"BreadcrumbList\",\"@id\":\"https:\/\/hdkkt.hr\/en\/history\/managing-authorities\/#breadcrumb\",\"itemListElement\":[{\"@type\":\"ListItem\",\"position\":1,\"name\":\"Home\",\"item\":\"https:\/\/hdkkt.hr\/en\/\"},{\"@type\":\"ListItem\",\"position\":2,\"name\":\"History\",\"item\":\"https:\/\/hdkkt.hr\/en\/history\/\"},{\"@type\":\"ListItem\",\"position\":3,\"name\":\"Managing authorities\"}]},{\"@type\":\"WebSite\",\"@id\":\"https:\/\/hdkkt.hr\/en\/#website\",\"url\":\"https:\/\/hdkkt.hr\/en\/\",\"name\":\"HDKKT\",\"description\":\"Hrvatsko dru&scaron;tvo kazali&scaron;nih kriti\u010dara i teatrologa\",\"publisher\":{\"@id\":\"https:\/\/hdkkt.hr\/en\/#organization\"},\"potentialAction\":[{\"@type\":\"SearchAction\",\"target\":{\"@type\":\"EntryPoint\",\"urlTemplate\":\"https:\/\/hdkkt.hr\/en\/?s={search_term_string}\"},\"query-input\":{\"@type\":\"PropertyValueSpecification\",\"valueRequired\":true,\"valueName\":\"search_term_string\"}}],\"inLanguage\":\"en-US\"},{\"@type\":\"Organization\",\"@id\":\"https:\/\/hdkkt.hr\/en\/#organization\",\"name\":\"HDKKT\",\"url\":\"https:\/\/hdkkt.hr\/en\/\",\"logo\":{\"@type\":\"ImageObject\",\"inLanguage\":\"en-US\",\"@id\":\"https:\/\/hdkkt.hr\/en\/#\/schema\/logo\/image\/\",\"url\":\"https:\/\/hdkkt.hr\/wp-content\/uploads\/2021\/07\/logo.svg\",\"contentUrl\":\"https:\/\/hdkkt.hr\/wp-content\/uploads\/2021\/07\/logo.svg\",\"width\":374,\"height\":466,\"caption\":\"HDKKT\"},\"image\":{\"@id\":\"https:\/\/hdkkt.hr\/en\/#\/schema\/logo\/image\/\"}}]}<\/script>\n<!-- \/ Yoast SEO plugin. -->","yoast_head_json":{"title":"Managing authorities - HDKKT","robots":{"index":"index","follow":"follow","max-snippet":"max-snippet:-1","max-image-preview":"max-image-preview:large","max-video-preview":"max-video-preview:-1"},"canonical":"https:\/\/hdkkt.hr\/en\/history\/managing-authorities\/","og_locale":"en_US","og_type":"article","og_title":"Managing authorities - HDKKT","og_description":"2019. &#8211; 2021. 13.6.2019. Elective Assembly Executive comitee: Mira Muhoberac, president Gordana Ostovi\u0107, secretary general Kim Cuculi\u0107 Martina Petranovi\u0107 Vi\u0161nja ...","og_url":"https:\/\/hdkkt.hr\/en\/history\/managing-authorities\/","og_site_name":"HDKKT","article_modified_time":"2021-08-07T07:48:43+00:00","twitter_card":"summary_large_image","twitter_misc":{"Est. reading time":"2 minutes"},"schema":{"@context":"https:\/\/schema.org","@graph":[{"@type":"WebPage","@id":"https:\/\/hdkkt.hr\/en\/history\/managing-authorities\/","url":"https:\/\/hdkkt.hr\/en\/history\/managing-authorities\/","name":"Managing authorities - HDKKT","isPartOf":{"@id":"https:\/\/hdkkt.hr\/en\/#website"},"datePublished":"2021-07-09T15:10:01+00:00","dateModified":"2021-08-07T07:48:43+00:00","breadcrumb":{"@id":"https:\/\/hdkkt.hr\/en\/history\/managing-authorities\/#breadcrumb"},"inLanguage":"en-US","potentialAction":[{"@type":"ReadAction","target":["https:\/\/hdkkt.hr\/en\/history\/managing-authorities\/"]}]},{"@type":"BreadcrumbList","@id":"https:\/\/hdkkt.hr\/en\/history\/managing-authorities\/#breadcrumb","itemListElement":[{"@type":"ListItem","position":1,"name":"Home","item":"https:\/\/hdkkt.hr\/en\/"},{"@type":"ListItem","position":2,"name":"History","item":"https:\/\/hdkkt.hr\/en\/history\/"},{"@type":"ListItem","position":3,"name":"Managing authorities"}]},{"@type":"WebSite","@id":"https:\/\/hdkkt.hr\/en\/#website","url":"https:\/\/hdkkt.hr\/en\/","name":"HDKKT","description":"Hrvatsko dru&scaron;tvo kazali&scaron;nih kriti\u010dara i teatrologa","publisher":{"@id":"https:\/\/hdkkt.hr\/en\/#organization"},"potentialAction":[{"@type":"SearchAction","target":{"@type":"EntryPoint","urlTemplate":"https:\/\/hdkkt.hr\/en\/?s={search_term_string}"},"query-input":{"@type":"PropertyValueSpecification","valueRequired":true,"valueName":"search_term_string"}}],"inLanguage":"en-US"},{"@type":"Organization","@id":"https:\/\/hdkkt.hr\/en\/#organization","name":"HDKKT","url":"https:\/\/hdkkt.hr\/en\/","logo":{"@type":"ImageObject","inLanguage":"en-US","@id":"https:\/\/hdkkt.hr\/en\/#\/schema\/logo\/image\/","url":"https:\/\/hdkkt.hr\/wp-content\/uploads\/2021\/07\/logo.svg","contentUrl":"https:\/\/hdkkt.hr\/wp-content\/uploads\/2021\/07\/logo.svg","width":374,"height":466,"caption":"HDKKT"},"image":{"@id":"https:\/\/hdkkt.hr\/en\/#\/schema\/logo\/image\/"}}]}},"_links":{"self":[{"href":"https:\/\/hdkkt.hr\/en\/wp-json\/wp\/v2\/pages\/555","targetHints":{"allow":["GET"]}}],"collection":[{"href":"https:\/\/hdkkt.hr\/en\/wp-json\/wp\/v2\/pages"}],"about":[{"href":"https:\/\/hdkkt.hr\/en\/wp-json\/wp\/v2\/types\/page"}],"author":[{"embeddable":true,"href":"https:\/\/hdkkt.hr\/en\/wp-json\/wp\/v2\/users\/1"}],"replies":[{"embeddable":true,"href":"https:\/\/hdkkt.hr\/en\/wp-json\/wp\/v2\/comments?post=555"}],"version-history":[{"count":1,"href":"https:\/\/hdkkt.hr\/en\/wp-json\/wp\/v2\/pages\/555\/revisions"}],"predecessor-version":[{"id":556,"href":"https:\/\/hdkkt.hr\/en\/wp-json\/wp\/v2\/pages\/555\/revisions\/556"}],"up":[{"embeddable":true,"href":"https:\/\/hdkkt.hr\/en\/wp-json\/wp\/v2\/pages\/552"}],"wp:attachment":[{"href":"https:\/\/hdkkt.hr\/en\/wp-json\/wp\/v2\/media?parent=555"}],"curies":[{"name":"wp","href":"https:\/\/api.w.org\/{rel}","templated":true}]}}