{"id":563,"date":"2021-07-09T17:27:48","date_gmt":"2021-07-09T15:27:48","guid":{"rendered":"https:\/\/hdkkt.hr\/?page_id=563"},"modified":"2023-03-30T17:21:15","modified_gmt":"2023-03-30T15:21:15","slug":"list-of-members","status":"publish","type":"page","link":"https:\/\/hdkkt.hr\/en\/membership\/list-of-members\/","title":{"rendered":"List of members"},"content":{"rendered":"<h5>IN MEMORIAM:<\/h5>\n<p>Frano Baras, Split 1931\u20132023<\/p>\n<p>Maja Hribar-O\u017eegovi\u0107, Zagreb 1937\u20132023<\/p>\n<p>Mira Muhoberac, Dubrovnik 1959\u20132021<\/p>\n<p>Giga Gra\u010dan, Osijek 1945\u2013Zagreb, 2021<\/p>\n<p>Boris B. Hrovat, Zagreb 1956\u20132020<\/p>\n<p>Mani Gotovac, Split 1939\u20132019<\/p>\n<p>Nedjeljko Fabrio, Split 1937\u20132018<\/p>\n<p>Georgij Paro, \u010ca\u010dak 1934\u20132018<\/p>\n<p>\u017delimir Ciglar, Zagreb 1962\u20132018<a href=\"mailto:zelimirciglar@gmail.com\"><br \/>\n<\/a><\/p>\n<p>Naco Oster, Zagreb 1950\u20132017<\/p>\n<p>Darko Ga\u0161parovi\u0107, Zagreb 1944\u20132017<\/p>\n<p>Petar Selem, Split 1936\u20132015<\/p>\n<p>Igor Mrdulja\u0161, Zagreb 1945\u20132013<\/p>\n<p>Dalibor Paulik, Zagreb\u00a0 1953\u20132012<\/p>\n<p>Marija Grgi\u010devi\u0107, Zagreb, 1929\u20132011<\/p>\n<p>Nasko Frndi\u0107, Zagreb 1920\u20132011<\/p>\n<p>Ivan Jindra, Zagreb\/Sesvete 1940\u20132011<\/p>\n<p>\u0160imun Juri\u0161i\u0107, Split 1942\u20132010<\/p>\n<p>Branimir Donat, Zagreb 1934\u20132010<\/p>\n<p>Nikola Batu\u0161i\u0107, Zagreb 1938\u20132010<\/p>\n<p>Puljizovi\u0107 Jozo, Zagreb 1931\u20132010<\/p>\n<p>Sre\u0107ko Lipov\u010dan, Zagreb 1942\u20132009<\/p>\n<p>Anatolij Kudrjavcev, Split 1930\u20132008<\/p>\n<p>Miljenko Foreti\u0107, Dubrovnik 1939\u20132003<\/p>\n<p>Dalibor Foreti\u0107, Zagreb 1943\u20132001<\/p>\n<p>Augustin Stip\u010devi\u0107, Zagreb 1912\u20131999<\/p>\n<p>Petar Bre\u010di\u0107, Zagreb\u00a0 1935\u20131997<\/p>\n","protected":false},"excerpt":{"rendered":"<p>IN MEMORIAM: Frano Baras, Split 1931\u20132023 Maja Hribar-O\u017eegovi\u0107, Zagreb 1937\u20132023 Mira Muhoberac, Dubrovnik 1959\u20132021 Giga Gra\u010dan, Osijek 1945\u2013Zagreb, 2021 Boris &#8230;<\/p>\n","protected":false},"author":1,"featured_media":0,"parent":559,"menu_order":3,"comment_status":"closed","ping_status":"closed","template":"template-members.php","meta":{"_acf_changed":false,"inline_featured_image":false,"footnotes":""},"class_list":["post-563","page","type-page","status-publish","hentry"],"acf":[],"yoast_head":"<!-- This site is optimized with the Yoast SEO plugin v26.1.1 - https:\/\/yoast.com\/wordpress\/plugins\/seo\/ -->\n<title>List of members - HDKKT<\/title>\n<meta name=\"robots\" content=\"index, follow, max-snippet:-1, max-image-preview:large, max-video-preview:-1\" \/>\n<link rel=\"canonical\" href=\"https:\/\/hdkkt.hr\/en\/membership\/list-of-members\/\" \/>\n<meta property=\"og:locale\" content=\"en_US\" \/>\n<meta property=\"og:type\" content=\"article\" \/>\n<meta property=\"og:title\" content=\"List of members - HDKKT\" \/>\n<meta property=\"og:description\" content=\"IN MEMORIAM: Frano Baras, Split 1931\u20132023 Maja Hribar-O\u017eegovi\u0107, Zagreb 1937\u20132023 Mira Muhoberac, Dubrovnik 1959\u20132021 Giga Gra\u010dan, Osijek 1945\u2013Zagreb, 2021 Boris ...\" \/>\n<meta property=\"og:url\" content=\"https:\/\/hdkkt.hr\/en\/membership\/list-of-members\/\" \/>\n<meta property=\"og:site_name\" content=\"HDKKT\" \/>\n<meta property=\"article:modified_time\" content=\"2023-03-30T15:21:15+00:00\" \/>\n<meta name=\"twitter:card\" content=\"summary_large_image\" \/>\n<meta name=\"twitter:label1\" content=\"Est. reading time\" \/>\n\t<meta name=\"twitter:data1\" content=\"1 minute\" \/>\n<script type=\"application\/ld+json\" class=\"yoast-schema-graph\">{\"@context\":\"https:\/\/schema.org\",\"@graph\":[{\"@type\":\"WebPage\",\"@id\":\"https:\/\/hdkkt.hr\/en\/membership\/list-of-members\/\",\"url\":\"https:\/\/hdkkt.hr\/en\/membership\/list-of-members\/\",\"name\":\"List of members - HDKKT\",\"isPartOf\":{\"@id\":\"https:\/\/hdkkt.hr\/en\/#website\"},\"datePublished\":\"2021-07-09T15:27:48+00:00\",\"dateModified\":\"2023-03-30T15:21:15+00:00\",\"breadcrumb\":{\"@id\":\"https:\/\/hdkkt.hr\/en\/membership\/list-of-members\/#breadcrumb\"},\"inLanguage\":\"en-US\",\"potentialAction\":[{\"@type\":\"ReadAction\",\"target\":[\"https:\/\/hdkkt.hr\/en\/membership\/list-of-members\/\"]}]},{\"@type\":\"BreadcrumbList\",\"@id\":\"https:\/\/hdkkt.hr\/en\/membership\/list-of-members\/#breadcrumb\",\"itemListElement\":[{\"@type\":\"ListItem\",\"position\":1,\"name\":\"Home\",\"item\":\"https:\/\/hdkkt.hr\/en\/\"},{\"@type\":\"ListItem\",\"position\":2,\"name\":\"Membership\",\"item\":\"https:\/\/hdkkt.hr\/en\/membership\/\"},{\"@type\":\"ListItem\",\"position\":3,\"name\":\"List of members\"}]},{\"@type\":\"WebSite\",\"@id\":\"https:\/\/hdkkt.hr\/en\/#website\",\"url\":\"https:\/\/hdkkt.hr\/en\/\",\"name\":\"HDKKT\",\"description\":\"Hrvatsko dru&scaron;tvo kazali&scaron;nih kriti\u010dara i teatrologa\",\"publisher\":{\"@id\":\"https:\/\/hdkkt.hr\/en\/#organization\"},\"potentialAction\":[{\"@type\":\"SearchAction\",\"target\":{\"@type\":\"EntryPoint\",\"urlTemplate\":\"https:\/\/hdkkt.hr\/en\/?s={search_term_string}\"},\"query-input\":{\"@type\":\"PropertyValueSpecification\",\"valueRequired\":true,\"valueName\":\"search_term_string\"}}],\"inLanguage\":\"en-US\"},{\"@type\":\"Organization\",\"@id\":\"https:\/\/hdkkt.hr\/en\/#organization\",\"name\":\"HDKKT\",\"url\":\"https:\/\/hdkkt.hr\/en\/\",\"logo\":{\"@type\":\"ImageObject\",\"inLanguage\":\"en-US\",\"@id\":\"https:\/\/hdkkt.hr\/en\/#\/schema\/logo\/image\/\",\"url\":\"https:\/\/hdkkt.hr\/wp-content\/uploads\/2021\/07\/logo.svg\",\"contentUrl\":\"https:\/\/hdkkt.hr\/wp-content\/uploads\/2021\/07\/logo.svg\",\"width\":374,\"height\":466,\"caption\":\"HDKKT\"},\"image\":{\"@id\":\"https:\/\/hdkkt.hr\/en\/#\/schema\/logo\/image\/\"}}]}<\/script>\n<!-- \/ Yoast SEO plugin. -->","yoast_head_json":{"title":"List of members - HDKKT","robots":{"index":"index","follow":"follow","max-snippet":"max-snippet:-1","max-image-preview":"max-image-preview:large","max-video-preview":"max-video-preview:-1"},"canonical":"https:\/\/hdkkt.hr\/en\/membership\/list-of-members\/","og_locale":"en_US","og_type":"article","og_title":"List of members - HDKKT","og_description":"IN MEMORIAM: Frano Baras, Split 1931\u20132023 Maja Hribar-O\u017eegovi\u0107, Zagreb 1937\u20132023 Mira Muhoberac, Dubrovnik 1959\u20132021 Giga Gra\u010dan, Osijek 1945\u2013Zagreb, 2021 Boris ...","og_url":"https:\/\/hdkkt.hr\/en\/membership\/list-of-members\/","og_site_name":"HDKKT","article_modified_time":"2023-03-30T15:21:15+00:00","twitter_card":"summary_large_image","twitter_misc":{"Est. reading time":"1 minute"},"schema":{"@context":"https:\/\/schema.org","@graph":[{"@type":"WebPage","@id":"https:\/\/hdkkt.hr\/en\/membership\/list-of-members\/","url":"https:\/\/hdkkt.hr\/en\/membership\/list-of-members\/","name":"List of members - HDKKT","isPartOf":{"@id":"https:\/\/hdkkt.hr\/en\/#website"},"datePublished":"2021-07-09T15:27:48+00:00","dateModified":"2023-03-30T15:21:15+00:00","breadcrumb":{"@id":"https:\/\/hdkkt.hr\/en\/membership\/list-of-members\/#breadcrumb"},"inLanguage":"en-US","potentialAction":[{"@type":"ReadAction","target":["https:\/\/hdkkt.hr\/en\/membership\/list-of-members\/"]}]},{"@type":"BreadcrumbList","@id":"https:\/\/hdkkt.hr\/en\/membership\/list-of-members\/#breadcrumb","itemListElement":[{"@type":"ListItem","position":1,"name":"Home","item":"https:\/\/hdkkt.hr\/en\/"},{"@type":"ListItem","position":2,"name":"Membership","item":"https:\/\/hdkkt.hr\/en\/membership\/"},{"@type":"ListItem","position":3,"name":"List of members"}]},{"@type":"WebSite","@id":"https:\/\/hdkkt.hr\/en\/#website","url":"https:\/\/hdkkt.hr\/en\/","name":"HDKKT","description":"Hrvatsko dru&scaron;tvo kazali&scaron;nih kriti\u010dara i teatrologa","publisher":{"@id":"https:\/\/hdkkt.hr\/en\/#organization"},"potentialAction":[{"@type":"SearchAction","target":{"@type":"EntryPoint","urlTemplate":"https:\/\/hdkkt.hr\/en\/?s={search_term_string}"},"query-input":{"@type":"PropertyValueSpecification","valueRequired":true,"valueName":"search_term_string"}}],"inLanguage":"en-US"},{"@type":"Organization","@id":"https:\/\/hdkkt.hr\/en\/#organization","name":"HDKKT","url":"https:\/\/hdkkt.hr\/en\/","logo":{"@type":"ImageObject","inLanguage":"en-US","@id":"https:\/\/hdkkt.hr\/en\/#\/schema\/logo\/image\/","url":"https:\/\/hdkkt.hr\/wp-content\/uploads\/2021\/07\/logo.svg","contentUrl":"https:\/\/hdkkt.hr\/wp-content\/uploads\/2021\/07\/logo.svg","width":374,"height":466,"caption":"HDKKT"},"image":{"@id":"https:\/\/hdkkt.hr\/en\/#\/schema\/logo\/image\/"}}]}},"_links":{"self":[{"href":"https:\/\/hdkkt.hr\/en\/wp-json\/wp\/v2\/pages\/563","targetHints":{"allow":["GET"]}}],"collection":[{"href":"https:\/\/hdkkt.hr\/en\/wp-json\/wp\/v2\/pages"}],"about":[{"href":"https:\/\/hdkkt.hr\/en\/wp-json\/wp\/v2\/types\/page"}],"author":[{"embeddable":true,"href":"https:\/\/hdkkt.hr\/en\/wp-json\/wp\/v2\/users\/1"}],"replies":[{"embeddable":true,"href":"https:\/\/hdkkt.hr\/en\/wp-json\/wp\/v2\/comments?post=563"}],"version-history":[{"count":5,"href":"https:\/\/hdkkt.hr\/en\/wp-json\/wp\/v2\/pages\/563\/revisions"}],"predecessor-version":[{"id":1358,"href":"https:\/\/hdkkt.hr\/en\/wp-json\/wp\/v2\/pages\/563\/revisions\/1358"}],"up":[{"embeddable":true,"href":"https:\/\/hdkkt.hr\/en\/wp-json\/wp\/v2\/pages\/559"}],"wp:attachment":[{"href":"https:\/\/hdkkt.hr\/en\/wp-json\/wp\/v2\/media?parent=563"}],"curies":[{"name":"wp","href":"https:\/\/api.w.org\/{rel}","templated":true}]}}