{"id":596,"date":"2021-07-25T10:45:39","date_gmt":"2021-07-25T08:45:39","guid":{"rendered":"https:\/\/hdkkt.hr\/?page_id=596"},"modified":"2021-08-13T17:14:05","modified_gmt":"2021-08-13T15:14:05","slug":"about-award","status":"publish","type":"page","link":"https:\/\/hdkkt.hr\/en\/demeters-award\/about-award\/","title":{"rendered":"About award"},"content":{"rendered":"<p>Croatian Association of Theatre Critics and Theatre Scholars (HDKKT) introduced in 2012 Demeter\u2019s Award for Lifetime Achievement with the goal of encouraging excellence in theatrology and theatre criticism. It was named after the author of the first Croatian theatre criticism. Dimitrija Demeter published his critic about first professional play in Croatian language (I. Kukuljevi\u0107 Sakcinski Juran i Sofija) in journal Danica ilirska on 13th June 1840 which is considered to be the beginning of Croatian theatre criticism.<\/p>\n<p>Although it seems that Croatia has many awards, the field of theatrology and theatre criticism is neglected. Many distinguished awards dealing with theatre have no categories applying to theatrology and theatre criticism (e.g. Vladimir Nazor Award, Award of City Zagreb). There is only Marko Fotez Award which is awarded every four years but it is limited to research of Croatian drama and theatre and Petar Bre\u010di\u0107 Award has not been awarded since 2008 and it is obviously abolished for future.<br \/>\nTheatre criticism today is in a rift between politics and scandal, theory fights with incomprehensible meta-language and defence of vague attitudes, it is claimed that we do not need serious evaluation of theatre \u2013 critical nor theoretical. Nevertheless, writing about theatre, thinking about theatre and theatre research are important and inevitable companions to theatre.<\/p>\n<p>Therefore it was important to introduce professional award for lifetime achievement which will emphasize accomplishments in the field of theatre criticism and theatrology, which are proceedings of each distinguished professional association. The award helps profession\u2019s enlighten, encouragement and realization of its own value. It is a way to remind that awardees are valuable and dedicated and that without their work theatrology, criticism and theatre would be much less valuable. That is why the award is named after Demeter, not only author of the first criticism but also a versatile theatre striver.<\/p>\n<p>The Demeter&#8217;s Award was founded by HDKKT at the general assembly on 27th June 2012 and was acknowledged by the Croatian Ministry of Culture when it was included into financing plans. The award comprises of a sculpture (author Martin Babi\u0107), plaque and financial amount (10.000,00kn). It is awarded on the day of publication of the first Croatian theatre criticism 13th June 1840.<\/p>\n<p>Committee constituted from Darko Ga\u0161parovi\u0107, Antonija Bogner \u0160aban and Sanja Nik\u010devi\u0107 awarded the first award in 2012 to one of the founders, theatrologist and historian of theatre BRANKO HE\u0106IMOVI\u0106.<\/p>\n<p>Committee constituted from Boris Senker, Sanja Nik\u010devi\u0107 and Boris B. Hrovat awarded the second award in 2013 to critic and theatrologist IGOR MRDULJA\u0160, secretary general of the association, president and executive editor of Theatrology Library (Teatrologijska biblioteka) of HDKKT.<\/p>\n<p>Committee constituted from Vlatko Perkovi\u0107, Mira Muhoberac and Sanja Nik\u010devi\u0107 awarded the third award in 2014 to theatrologist, critic, educator and President of HDKKT BORIS SENKER.<br \/>\nCommittee constituted from Boris Senker, Mira Muhoberac and Sanja Nik\u010devi\u0107 awarded the fourth award in 2015 to theatre critic BORIS B. HROVAT.<\/p>\n<p>Committee constituted from Boris Senker, Boris B. Hrovat and Sanja Nik\u010devi\u0107 awarded the fifth award in 2016 to theatre critic, director and writer VLATKO PERKOVI\u0106.<br \/>\nCommittee constituted from Boris Senker, latko Perkovi\u0107 and Sanja Nik\u010devi\u0107 awarded the sixth award in 2017 to theatrologist ANTONIJA BOGNER \u0160ABAN.<br \/>\nCommittee constituted from Boris Senker, Antonija Bogner \u0160aban and Sanja Nik\u010devi\u0107 awarded the seventh award in 2018 to thetare publicist LJUBOMIR STANOJEVI\u0106.<\/p>\n<p>Committee constituted from Mira Muhoberac, Martina Petranovi\u0107 and Ljubomir Stanojevi\u0107 awarded the eight award in 2020 to theatre critic, journalist and translator GIGA GRA\u010cAN.<br \/>\n(The award was presented on September 25 due to epidemiological situation)<\/p>\n<p>Committee constituted from ira Muhoberac, Vi\u0161nja Ka\u010di\u0107 Rogo\u0161i\u0107 and Martina Petranovi\u0107 awarded the ninth award in 2021 to critic, writer and translator ZVONIMIR MRKONJI\u0106.<\/p>\n","protected":false},"excerpt":{"rendered":"<p>Croatian Association of Theatre Critics and Theatre Scholars (HDKKT) introduced in 2012 Demeter\u2019s Award for Lifetime Achievement with the goal &#8230;<\/p>\n","protected":false},"author":1,"featured_media":0,"parent":593,"menu_order":5,"comment_status":"closed","ping_status":"closed","template":"","meta":{"_acf_changed":false,"inline_featured_image":false,"footnotes":""},"class_list":["post-596","page","type-page","status-publish","hentry"],"acf":[],"yoast_head":"<!-- This site is optimized with the Yoast SEO plugin v26.1.1 - https:\/\/yoast.com\/wordpress\/plugins\/seo\/ -->\n<title>About award - HDKKT<\/title>\n<meta name=\"robots\" content=\"index, follow, max-snippet:-1, max-image-preview:large, max-video-preview:-1\" \/>\n<link rel=\"canonical\" href=\"https:\/\/hdkkt.hr\/en\/demeters-award\/about-award\/\" \/>\n<meta property=\"og:locale\" content=\"en_US\" \/>\n<meta property=\"og:type\" content=\"article\" \/>\n<meta property=\"og:title\" content=\"About award - HDKKT\" \/>\n<meta property=\"og:description\" content=\"Croatian Association of Theatre Critics and Theatre Scholars (HDKKT) introduced in 2012 Demeter\u2019s Award for Lifetime Achievement with the goal ...\" \/>\n<meta property=\"og:url\" content=\"https:\/\/hdkkt.hr\/en\/demeters-award\/about-award\/\" \/>\n<meta property=\"og:site_name\" content=\"HDKKT\" \/>\n<meta property=\"article:modified_time\" content=\"2021-08-13T15:14:05+00:00\" \/>\n<meta name=\"twitter:card\" content=\"summary_large_image\" \/>\n<meta name=\"twitter:label1\" content=\"Est. reading time\" \/>\n\t<meta name=\"twitter:data1\" content=\"3 minutes\" \/>\n<script type=\"application\/ld+json\" class=\"yoast-schema-graph\">{\"@context\":\"https:\/\/schema.org\",\"@graph\":[{\"@type\":\"WebPage\",\"@id\":\"https:\/\/hdkkt.hr\/en\/demeters-award\/about-award\/\",\"url\":\"https:\/\/hdkkt.hr\/en\/demeters-award\/about-award\/\",\"name\":\"About award - HDKKT\",\"isPartOf\":{\"@id\":\"https:\/\/hdkkt.hr\/en\/#website\"},\"datePublished\":\"2021-07-25T08:45:39+00:00\",\"dateModified\":\"2021-08-13T15:14:05+00:00\",\"breadcrumb\":{\"@id\":\"https:\/\/hdkkt.hr\/en\/demeters-award\/about-award\/#breadcrumb\"},\"inLanguage\":\"en-US\",\"potentialAction\":[{\"@type\":\"ReadAction\",\"target\":[\"https:\/\/hdkkt.hr\/en\/demeters-award\/about-award\/\"]}]},{\"@type\":\"BreadcrumbList\",\"@id\":\"https:\/\/hdkkt.hr\/en\/demeters-award\/about-award\/#breadcrumb\",\"itemListElement\":[{\"@type\":\"ListItem\",\"position\":1,\"name\":\"Home\",\"item\":\"https:\/\/hdkkt.hr\/en\/\"},{\"@type\":\"ListItem\",\"position\":2,\"name\":\"Demeter&#8217;s award\",\"item\":\"https:\/\/hdkkt.hr\/en\/demeters-award\/\"},{\"@type\":\"ListItem\",\"position\":3,\"name\":\"About award\"}]},{\"@type\":\"WebSite\",\"@id\":\"https:\/\/hdkkt.hr\/en\/#website\",\"url\":\"https:\/\/hdkkt.hr\/en\/\",\"name\":\"HDKKT\",\"description\":\"Hrvatsko dru&scaron;tvo kazali&scaron;nih kriti\u010dara i teatrologa\",\"publisher\":{\"@id\":\"https:\/\/hdkkt.hr\/en\/#organization\"},\"potentialAction\":[{\"@type\":\"SearchAction\",\"target\":{\"@type\":\"EntryPoint\",\"urlTemplate\":\"https:\/\/hdkkt.hr\/en\/?s={search_term_string}\"},\"query-input\":{\"@type\":\"PropertyValueSpecification\",\"valueRequired\":true,\"valueName\":\"search_term_string\"}}],\"inLanguage\":\"en-US\"},{\"@type\":\"Organization\",\"@id\":\"https:\/\/hdkkt.hr\/en\/#organization\",\"name\":\"HDKKT\",\"url\":\"https:\/\/hdkkt.hr\/en\/\",\"logo\":{\"@type\":\"ImageObject\",\"inLanguage\":\"en-US\",\"@id\":\"https:\/\/hdkkt.hr\/en\/#\/schema\/logo\/image\/\",\"url\":\"https:\/\/hdkkt.hr\/wp-content\/uploads\/2021\/07\/logo.svg\",\"contentUrl\":\"https:\/\/hdkkt.hr\/wp-content\/uploads\/2021\/07\/logo.svg\",\"width\":374,\"height\":466,\"caption\":\"HDKKT\"},\"image\":{\"@id\":\"https:\/\/hdkkt.hr\/en\/#\/schema\/logo\/image\/\"}}]}<\/script>\n<!-- \/ Yoast SEO plugin. -->","yoast_head_json":{"title":"About award - HDKKT","robots":{"index":"index","follow":"follow","max-snippet":"max-snippet:-1","max-image-preview":"max-image-preview:large","max-video-preview":"max-video-preview:-1"},"canonical":"https:\/\/hdkkt.hr\/en\/demeters-award\/about-award\/","og_locale":"en_US","og_type":"article","og_title":"About award - HDKKT","og_description":"Croatian Association of Theatre Critics and Theatre Scholars (HDKKT) introduced in 2012 Demeter\u2019s Award for Lifetime Achievement with the goal ...","og_url":"https:\/\/hdkkt.hr\/en\/demeters-award\/about-award\/","og_site_name":"HDKKT","article_modified_time":"2021-08-13T15:14:05+00:00","twitter_card":"summary_large_image","twitter_misc":{"Est. reading time":"3 minutes"},"schema":{"@context":"https:\/\/schema.org","@graph":[{"@type":"WebPage","@id":"https:\/\/hdkkt.hr\/en\/demeters-award\/about-award\/","url":"https:\/\/hdkkt.hr\/en\/demeters-award\/about-award\/","name":"About award - HDKKT","isPartOf":{"@id":"https:\/\/hdkkt.hr\/en\/#website"},"datePublished":"2021-07-25T08:45:39+00:00","dateModified":"2021-08-13T15:14:05+00:00","breadcrumb":{"@id":"https:\/\/hdkkt.hr\/en\/demeters-award\/about-award\/#breadcrumb"},"inLanguage":"en-US","potentialAction":[{"@type":"ReadAction","target":["https:\/\/hdkkt.hr\/en\/demeters-award\/about-award\/"]}]},{"@type":"BreadcrumbList","@id":"https:\/\/hdkkt.hr\/en\/demeters-award\/about-award\/#breadcrumb","itemListElement":[{"@type":"ListItem","position":1,"name":"Home","item":"https:\/\/hdkkt.hr\/en\/"},{"@type":"ListItem","position":2,"name":"Demeter&#8217;s award","item":"https:\/\/hdkkt.hr\/en\/demeters-award\/"},{"@type":"ListItem","position":3,"name":"About award"}]},{"@type":"WebSite","@id":"https:\/\/hdkkt.hr\/en\/#website","url":"https:\/\/hdkkt.hr\/en\/","name":"HDKKT","description":"Hrvatsko dru&scaron;tvo kazali&scaron;nih kriti\u010dara i teatrologa","publisher":{"@id":"https:\/\/hdkkt.hr\/en\/#organization"},"potentialAction":[{"@type":"SearchAction","target":{"@type":"EntryPoint","urlTemplate":"https:\/\/hdkkt.hr\/en\/?s={search_term_string}"},"query-input":{"@type":"PropertyValueSpecification","valueRequired":true,"valueName":"search_term_string"}}],"inLanguage":"en-US"},{"@type":"Organization","@id":"https:\/\/hdkkt.hr\/en\/#organization","name":"HDKKT","url":"https:\/\/hdkkt.hr\/en\/","logo":{"@type":"ImageObject","inLanguage":"en-US","@id":"https:\/\/hdkkt.hr\/en\/#\/schema\/logo\/image\/","url":"https:\/\/hdkkt.hr\/wp-content\/uploads\/2021\/07\/logo.svg","contentUrl":"https:\/\/hdkkt.hr\/wp-content\/uploads\/2021\/07\/logo.svg","width":374,"height":466,"caption":"HDKKT"},"image":{"@id":"https:\/\/hdkkt.hr\/en\/#\/schema\/logo\/image\/"}}]}},"_links":{"self":[{"href":"https:\/\/hdkkt.hr\/en\/wp-json\/wp\/v2\/pages\/596","targetHints":{"allow":["GET"]}}],"collection":[{"href":"https:\/\/hdkkt.hr\/en\/wp-json\/wp\/v2\/pages"}],"about":[{"href":"https:\/\/hdkkt.hr\/en\/wp-json\/wp\/v2\/types\/page"}],"author":[{"embeddable":true,"href":"https:\/\/hdkkt.hr\/en\/wp-json\/wp\/v2\/users\/1"}],"replies":[{"embeddable":true,"href":"https:\/\/hdkkt.hr\/en\/wp-json\/wp\/v2\/comments?post=596"}],"version-history":[{"count":1,"href":"https:\/\/hdkkt.hr\/en\/wp-json\/wp\/v2\/pages\/596\/revisions"}],"predecessor-version":[{"id":597,"href":"https:\/\/hdkkt.hr\/en\/wp-json\/wp\/v2\/pages\/596\/revisions\/597"}],"up":[{"embeddable":true,"href":"https:\/\/hdkkt.hr\/en\/wp-json\/wp\/v2\/pages\/593"}],"wp:attachment":[{"href":"https:\/\/hdkkt.hr\/en\/wp-json\/wp\/v2\/media?parent=596"}],"curies":[{"name":"wp","href":"https:\/\/api.w.org\/{rel}","templated":true}]}}